{"id":11392,"date":"2022-09-06T15:02:14","date_gmt":"2022-09-06T19:02:14","guid":{"rendered":"https:\/\/www.skirelais.com\/?page_id=11392"},"modified":"2025-09-16T11:29:31","modified_gmt":"2025-09-16T15:29:31","slug":"info-parents","status":"publish","type":"page","link":"https:\/\/www.skirelais.com\/en\/ecole-de-glisse\/info-parents\/","title":{"rendered":"Info parents"},"content":{"rendered":"<div class=\"column full\">\n<div class=\"column full\">\n<h3>Info parents &#8211; programmes en groupe<\/h3>\n<p>Chers parents, c&#8217;est avec plaisir que nous vous accueillons, vous et vos enfants, dans nos programmes de groupe pour l&#8217;hiver 2025-2026. Dans cette section, vous trouverez une foule d&#8217;informations utiles afin d&#8217;assurer le bon d\u00e9roulement des sessions de glisse de vos enfants et ainsi vous permettre d&#8217;avoir une belle saison avec nous.<\/p>\n<p>N&#8217;h\u00e9sitez pas \u00e0 communiquer avec nous par t\u00e9l\u00e9phone au 418 849-1851 ou par courriel \u00e0 <a href=\"mailto:ecole@skirelais.com\">ecole@skirelais.com<\/a> pour toutes questions.<\/p>\n<p>Nous vous souhaitons une excellente saison\u00a0<\/p>\n<\/div>\n<div class=\"column full\">\n<div class=\"column half\">\n<div class=\"colorbox blue-dark\">\n<h4>\u00a0INFORMATIONS IMPORTANTES<\/h4>\n<ul>\n<li><strong>Assurez-vous d&#8217;avoir un billet d&#8217;acc\u00e8s<\/strong> (Passe de saison, Passe-\u00e9cole ou billet journalier valide pour les journ\u00e9es de cours) qui est obligatoire pour participer \u00e0 la le\u00e7on.\u00a0<\/li>\n<\/ul>\n<ul>\n<li><strong>L&#8217;\u00e9cole de glisse se r\u00e9serve le droit de d\u00e9placer ou annuler un cours selon le nombre d&#8217;inscriptions.<\/strong> (Les personnes concern\u00e9es seront avis\u00e9es avant le d\u00e9but des cours.)<\/li>\n<\/ul>\n<ul>\n<li>L&#8217;\u00e9cole ne vous contactera pas avant le d\u00e9but du programme. Assurez-vous d&#8217;avoir bien pris en note l&#8217;horaire du programme choisi.<\/li>\n<\/ul>\n<ul>\n<li><strong>Le Centre de ski Le Relais pourrait reporter une journ\u00e9e de cours en raison de mauvaises conditions climatiques<\/strong> ou d&#8217;autres \u00e9v\u00e9nements impr\u00e9vus. Si tel est le cas, un message sera affich\u00e9 d\u00e8s 7h sur la page d&#8217;accueil du site web (www.skirelais.com) ainsi que sur notre page Facebook. La d\u00e9cision est prise \u00e0 15h pour les cours en soir\u00e9e. Lors d&#8217;annulation, le cours est repris la semaine qui suit la date pr\u00e9vue de fin des cours. Un maximum de deux cours pourront \u00eatre repris.<\/li>\n<\/ul>\n<ul>\n<li><strong>Il est important d&#8217;habiller votre enfant ad\u00e9quatement<\/strong> selon la temp\u00e9rature de la journ\u00e9e. On privil\u00e9gie le multi-couches, des v\u00eatements d&#8217;hiver chauds, de bonnes mitaines et de bons bas. On opte pour les mat\u00e9riaux synth\u00e9tiques et on oublie les v\u00eatements en coton qui s\u00e8chent tr\u00e8s lentement. <strong>Un col ou cache-cou pour couvrir le cou et le bas du visage est recommand\u00e9, contrairement au foulard qui peut \u00eatre encombrant. On \u00e9vite les v\u00eatements trop ample, les cordons ou les bretelles qui pendent.<\/strong><\/li>\n<\/ul>\n<\/div>\n<p>\n<img loading=\"lazy\" decoding=\"async\" width=\"900\" height=\"763\" src=\"https:\/\/www.skirelais.com\/wp-content\/uploads\/2025\/07\/info-parents-02.jpg\" alt=\"\" class=\"alignnone size-full wp-image-13012\" srcset=\"https:\/\/www.skirelais.com\/wp-content\/uploads\/2025\/07\/info-parents-02.jpg 900w, https:\/\/www.skirelais.com\/wp-content\/uploads\/2025\/07\/info-parents-02-300x254.jpg 300w, https:\/\/www.skirelais.com\/wp-content\/uploads\/2025\/07\/info-parents-02-768x651.jpg 768w\" sizes=\"(max-width: 900px) 100vw, 900px\" \/><\/p>\n<h4><span>SUIVI DE LA PROGRESSION DES \u00c9L\u00c8VES<\/span><\/h4>\n<p><strong>1.<\/strong> L\u2019objectif de notre \u00e9cole est d\u2019assurer S\u00e9curit\u00e9, Plaisir et Am\u00e9lioration pour tous les \u00e9l\u00e8ves.<\/p>\n<p><strong>2.<\/strong> Lors de l&#8217;avant-derni\u00e8re semaine, les aptitudes des \u00e9l\u00e8ves sont \u00e9valu\u00e9es par un superviseur. Cette \u00e9valuation nous permet de vous donner un compte-rendu de la progression r\u00e9alis\u00e9e par votre enfant et de cr\u00e9er des groupes adapt\u00e9s au niveau de chacun l\u2019ann\u00e9e suivante.<\/p>\n<p><strong>3.<\/strong> Il est possible que votre enfant demeure au m\u00eame niveau deux ann\u00e9es cons\u00e9cutives. Cela ne signifie pas que votre enfant n\u2019a pas progress\u00e9, mais que ce niveau est le plus appropri\u00e9 pour favoriser son d\u00e9veloppement dans un contexte amusant et s\u00e9curitaire.<\/p>\n<p><strong>4. <\/strong>Au dernier cours, chaque enfant re\u00e7oit un carnet d\u2019\u00e9valuation expliquant le niveau atteint. Si vous devez vous absenter au dernier cours, il est possible de r\u00e9cup\u00e9rer ce carnet au service \u00e0 la client\u00e8le jusqu\u2019\u00e0 la fermeture de la station. \u00c0 la fin de la saison, les carnets non r\u00e9clam\u00e9s ne seront pas conserv\u00e9s.<\/p>\n<p><strong><em>Pour \u00e9valuer la progression de votre enfant, notre \u00e9cole se base sur le programme de l\u2019Alliance des Moniteurs de Ski du Canada (AMSC) et le programme de l\u2019Association Canadienne de Moniteurs de Snowboard(ACMS).<\/em><\/strong><\/p>\n<\/div>\n<div class=\"column half\"><img loading=\"lazy\" decoding=\"async\" src=\"https:\/\/www.skirelais.com\/wp-content\/uploads\/2025\/07\/info-parents-01.jpg\" alt=\"ecole de glisse\" width=\"1000\" height=\"667\" class=\"alignnone\" \/><\/p>\n<h4>Quoi faire ?<\/h4>\n<p><strong>EN CAS DE RETARD<\/strong><\/p>\n<p>Le d\u00e9part de votre groupe est pr\u00e9vu \u00e0 l&#8217;heure que vous avez choisie lors de l&#8217;inscription de votre enfant. <strong>Le d\u00e9part se fera \u00e0 l&#8217;heure pile<\/strong>. Il est donc recommand\u00e9 de vous pr\u00e9senter au point de rendez-vous dix minutes \u00e0 l&#8217;avance. Assurez-vous de bien conna\u00eetre l&#8217;horaire du programme.<\/p>\n<p>Si vous \u00eates en retard pour le d\u00e9but de la le\u00e7on, <strong>pr\u00e9sentez-vous \u00e0 la pancarte indiquant le num\u00e9ro de groupe de votre enfant.<\/strong> Apr\u00e8s la 1<sup>re<\/sup> descente, le moniteur viendra v\u00e9rifier s&#8217;il y a des retardataires.<\/p>\n<p><strong>EN CAS D&#8217;ABSENCE<\/strong><\/p>\n<p>Si vous devez vous absenter d&#8217;une le\u00e7on, il est important de savoir qu&#8217;<strong>aucune reprise de cours<\/strong> n&#8217;est possible. Si vous savez que votre enfant sera absent au prochain cours, S.V.P. bien vouloir aviser le moniteur. <strong>Pour les absences de derni\u00e8res minutes, il n&#8217;est pas n\u00e9cessaire d&#8217;aviser l&#8217;\u00e9cole de glisse.<\/strong><\/p>\n<p><strong>\u00c0 LA FIN DE LA LE\u00c7ON<\/strong><\/p>\n<p>\u00c0 la fin de chacune des le\u00e7ons, vous devez aller chercher votre enfant au m\u00eame endroit que le lieu de d\u00e9part (pancarte indiquant le num\u00e9ro de groupe). <strong>N&#8217;oubliez pas d&#8217;aviser le moniteur lorsque vous quittez avec votre enfant<\/strong>.<\/p>\n<p>Toutefois, si vous d\u00e9sirez que votre enfant quitte seul \u00e0 la fin de la le\u00e7on, vous devez remplir un <a href=\"https:\/\/www.skirelais.com\/wp-content\/uploads\/2023\/01\/Autorisation-de-libe\u0301rer-Saison-2022-2023.pdf\">formulaire de lib\u00e9ration<\/a> et nous le faire parvenir \u00e0 <a href=\"mailto:ecole@skirelais.com\">ecole@skirelais.com<\/a>. Vous en trouverez \u00e9galement une copie au service \u00e0 la client\u00e8le ou aupr\u00e8s des superviseurs de cours.<\/p>\n<p><strong>POUR LES CHANGEMENTS DE GROUPE<\/strong><\/p>\n<p>Si vous croyez que votre enfant n&#8217;a pas \u00e9t\u00e9 class\u00e9 dans le bon groupe, avisez le superviseur sur le terrain. Celui-ci s&#8217;assurera que votre enfant est dans le meilleur groupe pour faciliter son d\u00e9veloppement. Chaque enfant progresse \u00e0 son rythme, il est donc normal qu&#8217;une certaine disparit\u00e9 soit observ\u00e9e dans un groupe.\u00a0<\/p>\n<p><img loading=\"lazy\" decoding=\"async\" width=\"900\" height=\"836\" src=\"https:\/\/www.skirelais.com\/wp-content\/uploads\/2025\/07\/info-parents-03.jpg\" alt=\"\" class=\"alignnone size-full wp-image-13014\" srcset=\"https:\/\/www.skirelais.com\/wp-content\/uploads\/2025\/07\/info-parents-03.jpg 900w, https:\/\/www.skirelais.com\/wp-content\/uploads\/2025\/07\/info-parents-03-300x279.jpg 300w, https:\/\/www.skirelais.com\/wp-content\/uploads\/2025\/07\/info-parents-03-768x713.jpg 768w\" sizes=\"(max-width: 900px) 100vw, 900px\" \/><\/p>\n<div>\n<h4>Points de rassemblement<\/h4>\n<p>Chaque programme a une zone de rassemblement sp\u00e9cifique.<\/p>\n<p>Lors du premier cours, les listes d\u2019\u00e9l\u00e8ves seront affich\u00e9es avec le num\u00e9ro de groupe de votre enfant. Ce num\u00e9ro correspond \u00e0 une pancarte sur le terrain o\u00f9 vous allez rencontrer le moniteur et les autres \u00e9l\u00e8ves chaque semaine. Voici en d\u00e9tail nos zones de rassemblement:<\/p>\n<ul>\n<li><strong>Zone Apprenti :<\/strong> Zone apprenti SkiSnow qui se situe au pied de la piste &#8221; La D\u00e9butante &#8221; \u00e0 l\u2019extr\u00e9mit\u00e9 Est de la montagne.<\/li>\n<li><strong>Zone Bleue :<\/strong> Se situe \u00e0 l\u2019Est du chalet principal, en face du bas des pistes #2 et 3.<\/li>\n<\/ul>\n<\/div>\n<\/div>\n<\/div>\n<div class=\"column full\">\n<div class=\"column full\">\n<div class=\"colorbox blue-dark\">\n<h4>Horaire des programmes 2025-2026 et points de rassemblement<\/h4>\n<p><span>Des programmes qui offrent une approche ludique et amusante permettant \u00e0 votre enfant de d\u00e9velopper ses habilet\u00e9s dans un environnement s\u00e9curitaire et adapt\u00e9 \u00e0 ses besoins.<\/span><\/p>\n<\/div>\n<\/div>\n<\/div>\n<\/div>\n","protected":false},"excerpt":{"rendered":"<p>Info parents &#8211; programmes en groupe Chers parents, c&#8217;est avec plaisir que nous vous accueillons, vous et vos enfants, dans &#8230; <a class=\"button button--blue button--medium button--with-arrow externe\" href=\"https:\/\/www.skirelais.com\/en\/ecole-de-glisse\/info-parents\/\">Get more information<\/a><\/p>\n","protected":false},"author":16,"featured_media":11833,"parent":477,"menu_order":0,"comment_status":"closed","ping_status":"closed","template":"","meta":{"_acf_changed":false,"_monsterinsights_skip_tracking":false,"_monsterinsights_sitenote_active":false,"_monsterinsights_sitenote_note":"","_monsterinsights_sitenote_category":0,"footnotes":""},"class_list":["post-11392","page","type-page","status-publish","has-post-thumbnail","hentry"],"acf":[],"publishpress_future_action":{"enabled":false,"date":"2026-05-07 19:13:54","action":"change-status","newStatus":"draft","terms":[],"taxonomy":"translation_priority"},"_links":{"self":[{"href":"https:\/\/www.skirelais.com\/en\/wp-json\/wp\/v2\/pages\/11392"}],"collection":[{"href":"https:\/\/www.skirelais.com\/en\/wp-json\/wp\/v2\/pages"}],"about":[{"href":"https:\/\/www.skirelais.com\/en\/wp-json\/wp\/v2\/types\/page"}],"author":[{"embeddable":true,"href":"https:\/\/www.skirelais.com\/en\/wp-json\/wp\/v2\/users\/16"}],"replies":[{"embeddable":true,"href":"https:\/\/www.skirelais.com\/en\/wp-json\/wp\/v2\/comments?post=11392"}],"version-history":[{"count":2,"href":"https:\/\/www.skirelais.com\/en\/wp-json\/wp\/v2\/pages\/11392\/revisions"}],"predecessor-version":[{"id":13293,"href":"https:\/\/www.skirelais.com\/en\/wp-json\/wp\/v2\/pages\/11392\/revisions\/13293"}],"up":[{"embeddable":true,"href":"https:\/\/www.skirelais.com\/en\/wp-json\/wp\/v2\/pages\/477"}],"wp:featuredmedia":[{"embeddable":true,"href":"https:\/\/www.skirelais.com\/en\/wp-json\/wp\/v2\/media\/11833"}],"wp:attachment":[{"href":"https:\/\/www.skirelais.com\/en\/wp-json\/wp\/v2\/media?parent=11392"}],"curies":[{"name":"wp","href":"https:\/\/api.w.org\/{rel}","templated":true}]}}