{"id":31,"date":"2015-07-20T19:07:11","date_gmt":"2015-07-20T23:07:11","guid":{"rendered":"https:\/\/www.skirelais.com\/en\/?page_id=31"},"modified":"2022-10-05T14:04:23","modified_gmt":"2022-10-05T18:04:23","slug":"our-history","status":"publish","type":"page","link":"https:\/\/www.skirelais.com\/en\/mountain\/our-history\/","title":{"rendered":"Our history"},"content":{"rendered":"<div class=\"column full\">\n<h3>If Le Relais&#8217;s slopes could talk&#8230;.<\/h3>\n<p><span>The story of Le Relais ski centre is intimately linked to Lac-Beauport&#8217;s development. As one of the first ski resorts in eastern Canada,&nbsp;Le Relais is full of memories worth sharing&nbsp;<\/span><\/p>\n<div class=\"column full\">\n<div class=\"column half\">\n<h4><strong>the origins<\/strong><\/h4>\n<div class=\"readmore js-read-more\" data-rm-words=\"50\">\n<div class=\"readmore js-read-more\" data-rm-words=\"50\">\n<p>Winter\u2014this season of whiteness and cold\u2014virtually created the municipality of Lac-Beauport. Until the founding of Le Relais in 1936, no one had thought of suggesting that tourists from Montr\u00e9al, Toronto and the US come visit this small town where the lake meets the mountains. Tourism was a summer activity mainly found on both sides of the St. Lawrence, from Cap-Diamant to Tadoussac, and from L\u00e9vis to Cacouna.<\/p>\n<p>But in the mid-1930s, a postcard invited people to tame winter and practice winter sports.<\/p>\n<p>In the photograph: a checkpoint, and a line of skiers waiting to grab a cable that would pull them to the top of the mountain.<\/p>\n<p>Le Relais was born, and winter was conquered.<\/p>\n<\/div>\n<\/div>\n<p><span lang=\"EN-CA\"><\/span><\/p>\n<\/div>\n<div class=\"column half\">\n<p><strong><\/strong><span><img loading=\"lazy\" decoding=\"async\" width=\"655\" height=\"516\" class=\"alignnone wp-image-1111 size-full\" src=\"https:\/\/www.skirelais.com\/wp-content\/uploads\/2015\/07\/historique3.jpg\" srcset=\"https:\/\/www.skirelais.com\/wp-content\/uploads\/2015\/07\/historique3.jpg 655w, https:\/\/www.skirelais.com\/wp-content\/uploads\/2015\/07\/historique3-300x236.jpg 300w\" sizes=\"(max-width: 655px) 100vw, 655px\" \/><br \/>\n<\/span><\/p>\n<\/div>\n<\/div>\n<hr>\n<div class=\"column full\">\n<div class=\"column half\">\n<p><img loading=\"lazy\" decoding=\"async\" width=\"655\" height=\"434\" class=\"alignnone wp-image-1110 size-full\" src=\"https:\/\/www.skirelais.com\/wp-content\/uploads\/2015\/07\/historique2.jpg\" srcset=\"https:\/\/www.skirelais.com\/wp-content\/uploads\/2015\/07\/historique2.jpg 655w, https:\/\/www.skirelais.com\/wp-content\/uploads\/2015\/07\/historique2-300x199.jpg 300w\" sizes=\"(max-width: 655px) 100vw, 655px\" \/><\/p>\n<div><\/div>\n<\/div>\n<div class=\"column half\">\n<h4>Construction<\/h4>\n<div>\n<div class=\"readmore js-read-more\" data-rm-words=\"50\">\n<div class=\"readmore js-read-more\" data-rm-words=\"50\">\n<p>The idea of building a ski resort in the Qu\u00e9bec region emerged during the grey depths of the Great Depression, winter 1933\u20131934. Although Qu\u00e9bec\u2019s junior chamber of commerce pictured it on the Plains of Abraham, Herman Smith-Johannsen, a Norwegian better known as &#8220;Jackrabbit,&#8221; convinced developers that the resort would be a better fit further north, on Mount Murphy.<\/p>\n<p>The mountain was purchased for $1,000 in 1936. James McManemy, a broker and president of the Quebec Winter Sports Association, invested $1,500 in the construction of Le Relais ski center. A large-scale public offering raised $8,500 to build a small lodge at the foot of Mount Murphy and a ski jump on Mount Taylor (also known as Mont-Tourbillon).<\/p>\n<p>The Charlesbourg bus company took care of transportation from Qu\u00e9bec.<\/p>\n<p>Competitions gained traction, and Le Relais grew more and more popular. It\u2019s also where the first great Quebec skiers were trained: Gaby Pleau, Laurent Bernier, Conrad Delisle, Tommas Dennie, Tom Monaghan, Andr\u00e9 Bertrand and many more.<\/p>\n<p>Over the years that followed, Le Relais maintained its reputation as a major ski resort. It played host to the world\u2019s best skiers while headed successively by such tenacious individuals as Joseph Aub\u00e9, Laurier Drouin, Cl\u00e9ment Leclerc, Jean Papillon and Paul-E. Delisle, in collaboration with the Soci\u00e9t\u00e9 pour l&#8217;avancement du ski.<\/p>\n<p>The first ski lodge, which was inaugurated in January 1938, was named &#8220;Le Relais.&#8221; It served as both a restaurant and the family residence of Laurier Drouin.<\/p>\n<\/div>\n<\/div>\n<p><span lang=\"EN-CA\"><\/span><\/p>\n<\/div>\n<\/div>\n<\/div>\n<hr>\n<div class=\"column full\">\n<div class=\"column half\">\n<h4>structuring<\/h4>\n<p>.<span lang=\"EN-CA\"><\/span><\/p>\n<div class=\"readmore js-read-more\" data-rm-words=\"50\">\n<div class=\"readmore js-read-more\" data-rm-words=\"50\">\n<p>Ski lessons have always been and still remain a central concern of the owners of Le Relais ski center. The Redskins club, an organization dedicated to promoting sports, set up shop there in 1946, adding the development of skiing to a large list of recreational activities.<\/p>\n<p>It was also on these slopes that Gaby Pleau created the first women\u2019s-only ski school and that Suzanne Proteau-Blais and Jean-Claude\u3000Lafreni\u00e8re, taking over the Redskins skiing club, founded the first ski school affiliated with the Canadian Ski Instructors\u2019 Alliance. Diane Lethiecq continued this work throughout the structuring period, assisted by Yvon Bouchard.<\/p>\n<p>In 1938, Laurentide Ski-Tows Limited was put in charge of operating the lifts. Under the leadership of Jacques L\u00e9gar\u00e9, Le Relais acquired a double chairlift in 1962.<\/p>\n<p>At that time, many renowned skiers, including Pierre Jalbert, Ginette S\u00e9guin, Monique Langlais and Claire Monahan-Labossi\u00e8re, enjoyed the slopes at Le Relais ski center.<\/p>\n<p>The structuring went into high gear in 1978 when Jean-Claude Tremblay and Suzanne Proteau-Blais purchased Le Relais ski center.<\/p>\n<p>Jean-Claude Tremblay was a brilliant administrator and was one of the founders of the skiing industry in Quebec. As a cofounder of the Quebec Ski Area Association, he was a valued advisor to the Tourist Bureau and for the Communaut\u00e9 urbaine de Qu\u00e9bec\u2019s conferences. The skiing industry experienced a real boom under his leadership.<\/p>\n<p>At that time, the skiable area encompassed around ten runs. These would eventually be lit, to the delight of night-skiing fans.<\/p>\n<\/div>\n<\/div>\n<p><span lang=\"EN-CA\"><\/span><\/p>\n<\/div>\n<div class=\"column half\">\n<p><img loading=\"lazy\" decoding=\"async\" width=\"655\" height=\"871\" class=\"alignnone wp-image-1112 size-full\" src=\"https:\/\/www.skirelais.com\/wp-content\/uploads\/2015\/07\/historique4.jpg\" srcset=\"https:\/\/www.skirelais.com\/wp-content\/uploads\/2015\/07\/historique4.jpg 655w, https:\/\/www.skirelais.com\/wp-content\/uploads\/2015\/07\/historique4-226x300.jpg 226w\" sizes=\"(max-width: 655px) 100vw, 655px\" \/><\/p>\n<div><\/div>\n<\/div>\n<\/div>\n<hr>\n<div class=\"column full\">\n<div class=\"column half\">\n<p><img loading=\"lazy\" decoding=\"async\" width=\"655\" height=\"441\" class=\"aligncenter wp-image-10241 size-full\" src=\"https:\/\/www.skirelais.com\/wp-content\/uploads\/2022\/08\/Hexago.jpg\" alt=\"\" srcset=\"https:\/\/www.skirelais.com\/wp-content\/uploads\/2022\/08\/Hexago.jpg 655w, https:\/\/www.skirelais.com\/wp-content\/uploads\/2022\/08\/Hexago-300x202.jpg 300w\" sizes=\"(max-width: 655px) 100vw, 655px\" \/><\/p>\n<\/div>\n<div class=\"column half\">\n<h4>modernization<\/h4>\n<p>&nbsp;<\/p>\n<div class=\"readmore js-read-more\" data-rm-words=\"50\">\n<div class=\"readmore js-read-more\" data-rm-words=\"50\">\n<p>The third phase of Le Relais ski center development started when the CEO of Entreprises P.E.B., Laurier Beaulieu, became the owner of the resort on June 30, 1987.<\/p>\n<p>He was a shrewd businessman and surrounded himself with the right people throughout the various stages of the ski centre\u2019s transformation. He was a visionary, and his acquisition of neighbouring lots allowed him to double the number of runs. In fact, several runs at the new Le Relais bear the names of some of its builders.<\/p>\n<p>Under his leadership, the ski lodge tripled in size, becoming a modern and welcoming building. For 30 years, Mr. Beaulieu has never skimped on investments and equipment maintenance: the lifts, the cutting-edge equipment for producing artificial snow, the lighting system for night skiing and the slope grooming machinery are a testament to this. For him, customers and employees satisfaction has always come first.<\/p>\n<\/div>\n<\/div>\n<\/div>\n<\/div>\n<hr>\n<div class=\"column full\">\n<div class=\"column half\">\n<h4>succession<\/h4>\n<div class=\"readmore js-read-more\" data-rm-words=\"50\">\n<div class=\"readmore js-read-more\" data-rm-words=\"50\">\n<div class=\"readmore js-read-more\" data-rm-words=\"50\">\n<p>Over the years, Le Relais has continued to live up to its reputation as one of the top family ski centres. Then, Laurier Beaulieu passed his entrepreneurial passion on to a third generation. His son, David Beaulieu, now manages Entreprises P.E.B., and his daughter, Sophie Beaulieu, ensures his vision lives on by putting service quality and employee care first.<\/p>\n<\/div>\n<\/div>\n<\/div>\n<p><span lang=\"EN-CA\"><\/span><\/p>\n<\/div>\n<div class=\"column half\">\n<p><img loading=\"lazy\" decoding=\"async\" width=\"1500\" height=\"632\" class=\"aligncenter wp-image-10155 size-full\" src=\"https:\/\/www.skirelais.com\/wp-content\/uploads\/2022\/08\/Chalet_Exterieur_1-2.jpg\" alt=\"\" srcset=\"https:\/\/www.skirelais.com\/wp-content\/uploads\/2022\/08\/Chalet_Exterieur_1-2.jpg 1500w, https:\/\/www.skirelais.com\/wp-content\/uploads\/2022\/08\/Chalet_Exterieur_1-2-300x126.jpg 300w, https:\/\/www.skirelais.com\/wp-content\/uploads\/2022\/08\/Chalet_Exterieur_1-2-1440x607.jpg 1440w, https:\/\/www.skirelais.com\/wp-content\/uploads\/2022\/08\/Chalet_Exterieur_1-2-768x324.jpg 768w\" sizes=\"(max-width: 1500px) 100vw, 1500px\" \/><\/p>\n<\/div>\n<\/div>\n<div class=\"colorbox blue\">\n<h4>&nbsp;Learn more about us<\/h4>\n<p style=\"text-align: justify;\">You want to find out a little more about some important players in the history of the Relay?<\/p>\n<div class=\"column full\">\n<div class=\"column half\">\n<p><span><a class=\"fasc-button fasc-size-medium fasc-type-glossy fasc-rounded-medium fasc-ico-before dashicons-admin-users fasc-style-bold\" style=\"background-color: #00426a; color: #ffffff;\" href=\"https:\/\/www.skirelais.com\/montagne\/historique\/nicolas-fontaine\/\">Nicolas-Fontaine<\/a> &nbsp; <br \/>\n<a class=\"fasc-button fasc-size-medium fasc-type-glossy fasc-rounded-medium fasc-ico-before dashicons-admin-users fasc-style-bold\" style=\"background-color: #00426a; color: #ffffff;\" href=\"https:\/\/www.skirelais.com\/montagne\/historique\/alpi\/\">Alpi<\/a>&nbsp;&nbsp;<br \/>\n<\/span><a class=\"fasc-button fasc-size-medium fasc-type-glossy fasc-rounded-medium fasc-ico-before dashicons-admin-users fasc-style-bold\" style=\"background-color: #00426a; color: #ffffff;\" href=\"https:\/\/www.skirelais.com\/montagne\/historique\/laurent-bernier\/\">Laurent-Bernier<\/a><span>&nbsp; &nbsp; &nbsp;<br \/>\n<\/span><a class=\"fasc-button fasc-size-medium fasc-type-glossy fasc-rounded-medium fasc-ico-before dashicons-admin-users fasc-style-bold\" style=\"background-color: #00426a; color: #ffffff;\" href=\"https:\/\/www.skirelais.com\/montagne\/historique\/conrad-delisle\/\">Conrad-Delisle<\/a><span>&nbsp; &nbsp; &nbsp;<br \/>\n<\/span><a class=\"fasc-button fasc-size-medium fasc-type-glossy fasc-rounded-medium fasc-ico-before dashicons-admin-users fasc-style-bold\" style=\"background-color: #00426a; color: #ffffff;\" href=\"https:\/\/www.skirelais.com\/montagne\/historique\/gaby-pleau\/\">Gaby-Pleau<\/a><span>&nbsp;<\/p>\n<p><\/span><\/p>\n<\/div>\n<div class=\"column half\" style=\"text-align: left;\"><a class=\"fasc-button fasc-size-medium fasc-type-glossy fasc-rounded-medium fasc-ico-before dashicons-admin-users fasc-style-bold\" style=\"background-color: #00426a; color: #ffffff;\" href=\"https:\/\/www.skirelais.com\/montagne\/historique\/dr-pouliot\/\">Docteur Pouliot<\/a><span>&nbsp;<br \/>\n<\/span><a class=\"fasc-button fasc-size-medium fasc-type-glossy fasc-rounded-medium fasc-ico-before dashicons-admin-users fasc-style-bold\" style=\"background-color: #00426a; color: #ffffff;\" href=\"https:\/\/www.skirelais.com\/montagne\/historique\/audrey-robichaud\/\">Audrey-Robichaud<\/a>&nbsp;<br \/>\n<a class=\"fasc-button fasc-size-medium fasc-type-glossy fasc-rounded-medium fasc-ico-before dashicons-admin-users fasc-style-bold\" style=\"background-color: #00426a; color: #ffffff;\" href=\"https:\/\/www.skirelais.com\/montagne\/historique\/guy-a-paquet\/\">Guy-A.-Paquet<\/a><span>&nbsp; &nbsp; &nbsp;<br \/>\n<\/span><a class=\"fasc-button fasc-size-medium fasc-type-glossy fasc-rounded-medium fasc-ico-before dashicons-admin-users fasc-style-bold\" style=\"background-color: #00426a; color: #ffffff;\" href=\"https:\/\/www.skirelais.com\/montagne\/historique\/jean-claude-tremblay\/\">Jean-Claude-Tremblay<\/a><span>&nbsp; &nbsp; &nbsp;<br \/>\n<\/span><a class=\"fasc-button fasc-size-medium fasc-type-glossy fasc-rounded-medium fasc-ico-before dashicons-admin-users fasc-style-bold\" style=\"background-color: #00426a; color: #ffffff;\" href=\"https:\/\/www.skirelais.com\/montagne\/historique\/suzanne-proteau-blais\/\">Suzanne-Proteau-Blais<\/a><span>&nbsp; &nbsp; &nbsp;<br \/>\n<\/span><a class=\"fasc-button fasc-size-medium fasc-type-glossy fasc-rounded-medium fasc-ico-before dashicons-admin-users fasc-style-bold\" style=\"background-color: #00426a; color: #ffffff;\" href=\"https:\/\/www.skirelais.com\/montagne\/historique\/dorothee\/\">Dorothee<\/a><\/p>\n<p>&nbsp;<\/p>\n<\/div>\n<\/div>\n<p style=\"text-align: justify;\">\n<p><span>&nbsp;<\/p>\n<p><\/span><\/p>\n<\/div>\n<\/div>\n","protected":false},"excerpt":{"rendered":"<p>If Le Relais&#8217;s slopes could talk&#8230;. The story of Le Relais ski centre is intimately linked to Lac-Beauport&#8217;s development. As &#8230; <a class=\"button button--blue button--medium button--with-arrow externe\" href=\"https:\/\/www.skirelais.com\/en\/mountain\/our-history\/\">Get more information<\/a><\/p>\n","protected":false},"author":5,"featured_media":10261,"parent":21,"menu_order":110,"comment_status":"closed","ping_status":"closed","template":"","meta":{"_acf_changed":false,"_monsterinsights_skip_tracking":false,"_monsterinsights_sitenote_active":false,"_monsterinsights_sitenote_note":"","_monsterinsights_sitenote_category":0,"footnotes":""},"class_list":["post-31","page","type-page","status-publish","has-post-thumbnail","hentry"],"acf":[],"publishpress_future_action":{"enabled":false,"date":"2026-04-13 05:28:57","action":"change-status","newStatus":"draft","terms":[],"taxonomy":"translation_priority"},"_links":{"self":[{"href":"https:\/\/www.skirelais.com\/en\/wp-json\/wp\/v2\/pages\/31"}],"collection":[{"href":"https:\/\/www.skirelais.com\/en\/wp-json\/wp\/v2\/pages"}],"about":[{"href":"https:\/\/www.skirelais.com\/en\/wp-json\/wp\/v2\/types\/page"}],"author":[{"embeddable":true,"href":"https:\/\/www.skirelais.com\/en\/wp-json\/wp\/v2\/users\/5"}],"replies":[{"embeddable":true,"href":"https:\/\/www.skirelais.com\/en\/wp-json\/wp\/v2\/comments?post=31"}],"version-history":[{"count":13,"href":"https:\/\/www.skirelais.com\/en\/wp-json\/wp\/v2\/pages\/31\/revisions"}],"predecessor-version":[{"id":10755,"href":"https:\/\/www.skirelais.com\/en\/wp-json\/wp\/v2\/pages\/31\/revisions\/10755"}],"up":[{"embeddable":true,"href":"https:\/\/www.skirelais.com\/en\/wp-json\/wp\/v2\/pages\/21"}],"wp:featuredmedia":[{"embeddable":true,"href":"https:\/\/www.skirelais.com\/en\/wp-json\/wp\/v2\/media\/10261"}],"wp:attachment":[{"href":"https:\/\/www.skirelais.com\/en\/wp-json\/wp\/v2\/media?parent=31"}],"curies":[{"name":"wp","href":"https:\/\/api.w.org\/{rel}","templated":true}]}}