{"id":488,"date":"2015-08-03T08:48:37","date_gmt":"2015-08-03T12:48:37","guid":{"rendered":"https:\/\/www.skirelais.com\/en\/?page_id=488"},"modified":"2025-09-08T16:04:13","modified_gmt":"2025-09-08T20:04:13","slug":"atelier","status":"publish","type":"page","link":"https:\/\/www.skirelais.com\/en\/genetik-lab\/atelier\/","title":{"rendered":"Genetik: Shop"},"content":{"rendered":"<div class=\"\" data-block=\"true\" data-editor=\"5uofr\" data-offset-key=\"80dg0-0-0\">\n<div data-offset-key=\"80dg0-0-0\" class=\"_1mf _1mj\"><\/div>\n<\/div>\n<div class=\"column full\">\n<div class=\"column full\">\n<div class=\"column half\">\n<p><span style=\"color: #282d3a; font-family: montserratbold, Arial, sans-serif; font-size: 26px; text-transform: uppercase;\"><img loading=\"lazy\" decoding=\"async\" width=\"2951\" height=\"1388\" src=\"https:\/\/www.skirelais.com\/wp-content\/uploads\/2025\/08\/Logo-Genetik_2025_2.png\" alt=\"\" class=\"aligncenter size-full wp-image-13103\" srcset=\"https:\/\/www.skirelais.com\/wp-content\/uploads\/2025\/08\/Logo-Genetik_2025_2.png 2951w, https:\/\/www.skirelais.com\/wp-content\/uploads\/2025\/08\/Logo-Genetik_2025_2-300x141.png 300w, https:\/\/www.skirelais.com\/wp-content\/uploads\/2025\/08\/Logo-Genetik_2025_2-1440x677.png 1440w, https:\/\/www.skirelais.com\/wp-content\/uploads\/2025\/08\/Logo-Genetik_2025_2-768x361.png 768w, https:\/\/www.skirelais.com\/wp-content\/uploads\/2025\/08\/Logo-Genetik_2025_2-1536x722.png 1536w, https:\/\/www.skirelais.com\/wp-content\/uploads\/2025\/08\/Logo-Genetik_2025_2-2048x963.png 2048w\" sizes=\"(max-width: 2951px) 100vw, 2951px\" \/><\/p>\n<p>\n<\/span><\/p>\n<div class=\"column full\">\n<p>&nbsp;<\/p>\n<\/div>\n<div class=\"column full\"><strong>HORAIRE DE GENETIK ATELIER :<br \/>\n<\/strong><br \/>\nD\u00e8s le 11 octobre et jusqu&#8217;\u00e0 l&#8217;ouverture de la station:<\/p>\n<p>Lundi et mardi: ferm\u00e9<br \/>\nMercredi au vendredi: 9h \u00e0 16h<br \/>\nSamedi et dimanche: 9h \u00e0 17h<\/div>\n<\/div>\n<div class=\"column half\">\n<div class=\"column full\">\n<h4>ATELIER DE R\u00c9PARATION<\/h4>\n<\/div>\n<div class=\"column full\">\n<p><strong>L&#8217;ENTRETIEN DE VOTRE \u00c9QUIPEMENT; VOUS Y AVEZ PENS\u00c9 ? CONFIEZ-LE NOUS!<\/strong><\/p>\n<p>Saviez-vous qu\u2019il est important de faire v\u00e9rifier et ajuster vos fixations au moins une fois par ann\u00e9e? C\u2019est une question de s\u00e9curit\u00e9.\u00a0Que vous soyez d\u00e9butant ou expert, un \u00e9quipement bien entretenu augmentera votre plaisir et votre s\u00e9curit\u00e9.<\/p>\n<p>\n<\/p>\n<\/div>\n<h4><strong>ROBOT MONTANA!<\/strong><\/h4>\n<div class=\"table-wrapper\">\n<div class=\"column full\">\n<p>Am\u00e9liorez vos performances, votre qualit\u00e9 de glisse, votre contr\u00f4le dans toutes les conditions gr\u00e2ce \u00e0 notre robot utilisant la technologie suisse <strong>Montana Crystal<\/strong>.<\/p>\n<\/div>\n<\/div>\n<\/div>\n<div class=\"\" data-block=\"true\" data-editor=\"5uofr\" data-offset-key=\"1fig9-0-0\">\n<div data-offset-key=\"1fig9-0-0\" class=\"_1mf _1mj\">\n<div class=\"column full table-wrapper\">\n<table class=\"responsive\" style=\"border-collapse: collapse; width: 100%; height: 400px;\">\n<tbody>\n<tr style=\"height: 64px; background-color: #083a61;\">\n<td style=\"width: 99.7936%; height: 61px;\" colspan=\"2\">\n<h4><span style=\"color: #ffffff;\"><b>Service de base<\/b><\/span><\/h4>\n<\/td>\n<\/tr>\n<tr style=\"height: 0px;\">\n<td style=\"width: 69.8658%; height: 0px;\"><\/td>\n<td style=\"width: 29.9278%; height: 0px;\"><\/td>\n<\/tr>\n<tr style=\"height: 16px;\">\n<td style=\"width: 69.8658%; height: 16px;\"><strong>Tune-up complet<br \/>\n<\/strong>Comprend aiguisage, structure et cirage. \u00c0 faire avant, pendant et apr\u00e8s la saison de ski.<strong><br \/>\n<\/strong><\/td>\n<td style=\"width: 29.9278%; height: 16px;\">\n<p>n\/d<\/p>\n<\/td>\n<\/tr>\n<tr style=\"height: 32px;\">\n<td style=\"width: 69.8658%; height: 32px;\"><strong>Structure<br \/>\n<\/strong>De base, chevron ou cours<\/td>\n<td style=\"width: 29.9278%; height: 32px;\">\n<p>n\/d<\/p>\n<\/td>\n<\/tr>\n<tr style=\"height: 16px;\">\n<td style=\"width: 69.8658%; height: 16px;\"><strong>Cirage<br \/>\n<\/strong>Adapt\u00e9 selon la temp\u00e9rature<\/td>\n<td style=\"width: 29.9278%; height: 16px;\">\n<p>n\/d<\/p>\n<\/td>\n<\/tr>\n<tr style=\"height: 32px;\">\n<td style=\"width: 69.8658%; height: 32px;\"><strong>Aiguisage<\/strong><br \/>\nEntre 89 et 87,5 degr\u00e9 selon votre demande<\/td>\n<td style=\"width: 29.9278%; height: 32px;\">\n<p>n\/d<\/p>\n<\/td>\n<\/tr>\n<tr style=\"height: 16px;\">\n<td colspan=\"2\" style=\"width: 99.7936%; height: 16px;\"><span>*<span style=\"font-size: 10px;\">Taxes non incluses<\/span><\/span><\/td>\n<\/tr>\n<\/tbody>\n<\/table>\n<p><\/p>\n<table class=\"responsive\" style=\"border-collapse: collapse; width: 100%; height: 400px;\">\n<tbody>\n<tr style=\"height: 64px; background-color: #083a61;\">\n<td style=\"width: 99.7936%; height: 61px;\" colspan=\"2\">\n<h4><span style=\"color: #ffffff;\"><b>Pose de fixations<\/b><\/span><\/h4>\n<\/td>\n<\/tr>\n<tr style=\"height: 0px;\">\n<td style=\"width: 69.8658%; height: 0px;\"><\/td>\n<td style=\"width: 29.9278%; height: 0px;\"><\/td>\n<\/tr>\n<tr style=\"height: 16px;\">\n<td style=\"width: 69.8658%; height: 16px;\"><strong>Per\u00e7age<br \/>\n<\/strong>Ajustement inclus<\/td>\n<td style=\"width: 29.9278%; height: 16px;\">\n<p>n\/d<\/p>\n<\/td>\n<\/tr>\n<tr style=\"height: 32px;\">\n<td style=\"width: 69.8658%; height: 32px;\"><strong>Sur rail<br \/>\n<\/strong>Ajustement inclus<\/td>\n<td style=\"width: 29.9278%; height: 32px;\">\n<p>n\/d<\/p>\n<\/td>\n<\/tr>\n<tr style=\"height: 16px;\">\n<td colspan=\"2\" style=\"width: 99.7936%; height: 16px;\"><span>*<span style=\"font-size: 10px;\">Taxes non incluses<\/span><\/span><\/td>\n<\/tr>\n<\/tbody>\n<\/table>\n<\/div>\n<\/div>\n<div class=\"column full\">\n<div class=\"column full table-wrapper\">\n<table class=\"responsive\" style=\"border-collapse: collapse; width: 100%; height: 400px;\">\n<tbody>\n<tr style=\"height: 64px; background-color: #083a61;\">\n<td style=\"width: 99.7936%; height: 61px;\" colspan=\"2\">\n<h4><span style=\"color: #ffffff;\"><b>Boot fitting<\/b><\/span><\/h4>\n<\/td>\n<\/tr>\n<tr style=\"height: 0px;\">\n<td style=\"width: 69.8658%; height: 0px;\"><\/td>\n<td style=\"width: 29.9278%; height: 0px;\"><\/td>\n<\/tr>\n<tr style=\"height: 16px;\">\n<td style=\"width: 69.8658%; height: 16px;\"><strong>Consultation<br \/>\n<\/strong>Permet de faire l&#8217;\u00e9valuation de vos besoins et prendre les mesures n\u00e9cessaires \u00e0 l&#8217;ajustement.<strong><br \/>\n<\/strong><\/td>\n<td style=\"width: 29.9278%; height: 16px;\">\n<p>n\/d<\/p>\n<\/td>\n<\/tr>\n<tr style=\"height: 32px;\">\n<td style=\"width: 69.8658%; height: 32px;\"><strong>Punch<br \/>\n<\/strong>Modification physique de la botte<\/td>\n<td style=\"width: 29.9278%; height: 32px;\">\n<p>n\/d<\/p>\n<\/td>\n<\/tr>\n<tr style=\"height: 16px;\">\n<td style=\"width: 69.8658%; height: 16px;\"><strong>\u00c0 la minute<br \/>\n<\/strong>Ajustement selon l&#8217;\u00e9valuation faire lors de la consultation<\/td>\n<td style=\"width: 29.9278%; height: 16px;\">\n<p>n\/d<\/p>\n<\/td>\n<\/tr>\n<tr style=\"height: 16px;\">\n<td colspan=\"2\" style=\"width: 99.7936%; height: 16px;\"><span>*<span style=\"font-size: 10px;\">Taxes non incluses<\/span><\/span><\/td>\n<\/tr>\n<\/tbody>\n<\/table>\n<p><\/p>\n<table class=\"responsive\" style=\"border-collapse: collapse; width: 100%; height: 400px;\">\n<tbody>\n<tr style=\"height: 64px; background-color: #083a61;\">\n<td style=\"width: 99.7936%; height: 61px;\" colspan=\"2\">\n<h4><span style=\"color: #ffffff;\"><b>Promotions<\/b><\/span><\/h4>\n<\/td>\n<\/tr>\n<tr style=\"height: 0px;\">\n<td style=\"width: 69.8658%; height: 0px;\"><\/td>\n<td style=\"width: 29.9278%; height: 0px;\"><\/td>\n<\/tr>\n<tr style=\"height: 16px;\">\n<td style=\"width: 69.8658%; height: 16px;\"><strong>Entretien saisonnier individuel<br \/>\n<\/strong>Aiguisage et cirage illimit\u00e9 pour la saison de ski<strong><br \/>\n<\/strong><\/td>\n<td style=\"width: 29.9278%; height: 16px;\">\n<p>n\/d<\/p>\n<\/td>\n<\/tr>\n<tr style=\"height: 32px;\">\n<td style=\"width: 69.8658%; height: 32px;\"><strong>Entretien saisonnier familial<br \/>\n<\/strong>Aiguisage et cirage illimit\u00e9 pour la saison de ski pour toute votre famille<\/td>\n<td style=\"width: 29.9278%; height: 32px;\">\n<p>n\/d<\/p>\n<\/td>\n<\/tr>\n<tr style=\"height: 16px;\">\n<td colspan=\"2\" style=\"width: 99.7936%; height: 16px;\"><span>*<span style=\"font-size: 10px;\">Taxes non incluses<\/span><\/span><\/td>\n<\/tr>\n<\/tbody>\n<\/table>\n<\/div>\n<\/div>\n<\/div>\n<\/div>\n<\/div>\n","protected":false},"excerpt":{"rendered":"<p>&nbsp; HORAIRE DE GENETIK ATELIER : D\u00e8s le 11 octobre et jusqu&#8217;\u00e0 l&#8217;ouverture de la station: Lundi et mardi: ferm\u00e9 &#8230; <a class=\"button button--blue button--medium button--with-arrow externe\" href=\"https:\/\/www.skirelais.com\/en\/genetik-lab\/atelier\/\">Get more information<\/a><\/p>\n","protected":false},"author":5,"featured_media":10202,"parent":13229,"menu_order":81,"comment_status":"closed","ping_status":"closed","template":"","meta":{"_acf_changed":false,"_monsterinsights_skip_tracking":false,"_monsterinsights_sitenote_active":false,"_monsterinsights_sitenote_note":"","_monsterinsights_sitenote_category":0,"footnotes":""},"class_list":["post-488","page","type-page","status-publish","has-post-thumbnail","hentry"],"acf":[],"publishpress_future_action":{"enabled":false,"date":"2026-05-06 14:24:07","action":"change-status","newStatus":"draft","terms":[],"taxonomy":"translation_priority"},"_links":{"self":[{"href":"https:\/\/www.skirelais.com\/en\/wp-json\/wp\/v2\/pages\/488"}],"collection":[{"href":"https:\/\/www.skirelais.com\/en\/wp-json\/wp\/v2\/pages"}],"about":[{"href":"https:\/\/www.skirelais.com\/en\/wp-json\/wp\/v2\/types\/page"}],"author":[{"embeddable":true,"href":"https:\/\/www.skirelais.com\/en\/wp-json\/wp\/v2\/users\/5"}],"replies":[{"embeddable":true,"href":"https:\/\/www.skirelais.com\/en\/wp-json\/wp\/v2\/comments?post=488"}],"version-history":[{"count":13,"href":"https:\/\/www.skirelais.com\/en\/wp-json\/wp\/v2\/pages\/488\/revisions"}],"predecessor-version":[{"id":13237,"href":"https:\/\/www.skirelais.com\/en\/wp-json\/wp\/v2\/pages\/488\/revisions\/13237"}],"up":[{"embeddable":true,"href":"https:\/\/www.skirelais.com\/en\/wp-json\/wp\/v2\/pages\/13229"}],"wp:featuredmedia":[{"embeddable":true,"href":"https:\/\/www.skirelais.com\/en\/wp-json\/wp\/v2\/media\/10202"}],"wp:attachment":[{"href":"https:\/\/www.skirelais.com\/en\/wp-json\/wp\/v2\/media?parent=488"}],"curies":[{"name":"wp","href":"https:\/\/api.w.org\/{rel}","templated":true}]}}